{"id":7627,"date":"2024-11-14T08:20:13","date_gmt":"2024-11-14T08:20:13","guid":{"rendered":"https:\/\/rotarymazatenango.org\/?page_id=7627"},"modified":"2024-11-14T08:22:45","modified_gmt":"2024-11-14T08:22:45","slug":"donaciones-2","status":"publish","type":"page","link":"https:\/\/rotarymazatenango.org\/en\/donaciones-2\/","title":{"rendered":"Donations"},"content":{"rendered":"<div data-elementor-type=\"wp-page\" data-elementor-id=\"7627\" class=\"elementor elementor-7627\" data-elementor-post-type=\"page\">\n\t\t\t\t\t\t<section class=\"elementor-section elementor-top-section elementor-element elementor-element-15744b1f elementor-section-boxed elementor-section-height-default elementor-section-height-default\" data-id=\"15744b1f\" data-element_type=\"section\" id=\"presentacion\" data-settings=\"{&quot;background_background&quot;:&quot;classic&quot;}\">\n\t\t\t\t\t\t<div class=\"elementor-container elementor-column-gap-default\">\n\t\t\t\t\t<div class=\"elementor-column elementor-col-100 elementor-top-column elementor-element elementor-element-5fa66a02\" data-id=\"5fa66a02\" data-element_type=\"column\" data-settings=\"{&quot;background_background&quot;:&quot;classic&quot;}\">\n\t\t\t<div class=\"elementor-widget-wrap elementor-element-populated\">\n\t\t\t\t\t\t<div class=\"elementor-element elementor-element-5e254dff elementor-widget elementor-widget-heading\" data-id=\"5e254dff\" data-element_type=\"widget\" data-widget_type=\"heading.default\">\n\t\t\t\t<div class=\"elementor-widget-container\">\n\t\t\t<style>\/*! elementor - v3.23.0 - 05-08-2024 *\/\n.elementor-heading-title{padding:0;margin:0;line-height:1}.elementor-widget-heading .elementor-heading-title[class*=elementor-size-]>a{color:inherit;font-size:inherit;line-height:inherit}.elementor-widget-heading .elementor-heading-title.elementor-size-small{font-size:15px}.elementor-widget-heading .elementor-heading-title.elementor-size-medium{font-size:19px}.elementor-widget-heading .elementor-heading-title.elementor-size-large{font-size:29px}.elementor-widget-heading .elementor-heading-title.elementor-size-xl{font-size:39px}.elementor-widget-heading .elementor-heading-title.elementor-size-xxl{font-size:59px}<\/style><h2 class=\"elementor-heading-title elementor-size-default\">Donations<\/h2>\t\t<\/div>\n\t\t\t\t<\/div>\n\t\t\t\t\t<\/div>\n\t\t<\/div>\n\t\t\t\t\t<\/div>\n\t\t<\/section>\n\t\t\t\t<section class=\"elementor-section elementor-top-section elementor-element elementor-element-dbdef6e elementor-section-boxed elementor-section-height-default elementor-section-height-default\" data-id=\"dbdef6e\" data-element_type=\"section\" data-settings=\"{&quot;background_background&quot;:&quot;classic&quot;}\">\n\t\t\t\t\t\t<div class=\"elementor-container elementor-column-gap-default\">\n\t\t\t\t\t<div class=\"elementor-column elementor-col-100 elementor-top-column elementor-element elementor-element-6986311\" data-id=\"6986311\" data-element_type=\"column\">\n\t\t\t<div class=\"elementor-widget-wrap elementor-element-populated\">\n\t\t\t\t\t\t<div class=\"elementor-element elementor-element-c895c53 elementor-widget elementor-widget-text-editor\" data-id=\"c895c53\" data-element_type=\"widget\" data-widget_type=\"text-editor.default\">\n\t\t\t\t<div class=\"elementor-widget-container\">\n\t\t\t<style>\/*! elementor - v3.23.0 - 05-08-2024 *\/\n.elementor-widget-text-editor.elementor-drop-cap-view-stacked .elementor-drop-cap{background-color:#69727d;color:#fff}.elementor-widget-text-editor.elementor-drop-cap-view-framed .elementor-drop-cap{color:#69727d;border:3px solid;background-color:transparent}.elementor-widget-text-editor:not(.elementor-drop-cap-view-default) .elementor-drop-cap{margin-top:8px}.elementor-widget-text-editor:not(.elementor-drop-cap-view-default) .elementor-drop-cap-letter{width:1em;height:1em}.elementor-widget-text-editor .elementor-drop-cap{float:left;text-align:center;line-height:1;font-size:50px}.elementor-widget-text-editor .elementor-drop-cap-letter{display:inline-block}<\/style>\t\t\t\t<h3><span style=\"color: #02266e;\"><strong>Support Our Mission: Make a Donation<\/strong><\/span><\/h3><p>Your contribution can make a difference in the lives of thousands of people in our communities. At the Rotary Club of Mazatenango, we use every donation to fund projects that provide access to clean water, improve health, strengthen education, and promote sustainable development in the most needy areas of southwestern Guatemala.<\/p><p>With your help, we can continue to bring hope and practical solutions to those who need it most. Whether you want to support a specific project or contribute generally, your donation will be a crucial step towards a better future for many families.<\/p><h3><span style=\"color: #02266e;\"><strong>How Can You Help?<\/strong><\/span><\/h3><ul><li><span style=\"color: #02266e;\"><strong>One-time donations:<\/strong><\/span> Every contribution counts and allows us to continue our humanitarian work.<\/li><li><span style=\"color: #02266e;\"><strong>Recurring donations:<\/strong><\/span> Be part of our ongoing effort by providing constant support.<\/li><li><span style=\"color: #02266e;\"><strong>Project sponsorship:<\/strong> <\/span>Directly contribute to the financing of a specific project in education, health or sanitation.<\/li><\/ul><h3><span style=\"color: #02266e;\"><strong>Benefits of Donating<\/strong><\/span><\/h3><ul><li>Make a direct impact on the lives of vulnerable communities.<\/li><li>Contribute to the sustainable development of Guatemala.<\/li><li>Be part of a global network of people committed to service and positive change.<\/li><\/ul><p>\u00a0<\/p><p><span style=\"color: #02266e;\"><strong>Together we can build a better future!<\/strong><\/span><\/p>\t\t\t\t\t\t<\/div>\n\t\t\t\t<\/div>\n\t\t\t\t\t<\/div>\n\t\t<\/div>\n\t\t\t\t\t<\/div>\n\t\t<\/section>\n\t\t\t\t<\/div>","protected":false},"excerpt":{"rendered":"<p>Donaciones Apoya Nuestra Misi\u00f3n: Haz una Donaci\u00f3n Tu contribuci\u00f3n puede marcar la diferencia en la vida de miles de personas en nuestras comunidades. En el Club Rotario de Mazatenango, utilizamos cada donaci\u00f3n para financiar proyectos que brindan acceso a agua potable, mejoran la salud, fortalecen la educaci\u00f3n y promueven el desarrollo sostenible en las \u00e1reas [&hellip;]<\/p>","protected":false},"author":2,"featured_media":0,"parent":0,"menu_order":0,"comment_status":"closed","ping_status":"closed","template":"","meta":{"footnotes":""},"class_list":["post-7627","page","type-page","status-publish","hentry"],"_links":{"self":[{"href":"https:\/\/rotarymazatenango.org\/en\/wp-json\/wp\/v2\/pages\/7627","targetHints":{"allow":["GET"]}}],"collection":[{"href":"https:\/\/rotarymazatenango.org\/en\/wp-json\/wp\/v2\/pages"}],"about":[{"href":"https:\/\/rotarymazatenango.org\/en\/wp-json\/wp\/v2\/types\/page"}],"author":[{"embeddable":true,"href":"https:\/\/rotarymazatenango.org\/en\/wp-json\/wp\/v2\/users\/2"}],"replies":[{"embeddable":true,"href":"https:\/\/rotarymazatenango.org\/en\/wp-json\/wp\/v2\/comments?post=7627"}],"version-history":[{"count":4,"href":"https:\/\/rotarymazatenango.org\/en\/wp-json\/wp\/v2\/pages\/7627\/revisions"}],"predecessor-version":[{"id":7631,"href":"https:\/\/rotarymazatenango.org\/en\/wp-json\/wp\/v2\/pages\/7627\/revisions\/7631"}],"wp:attachment":[{"href":"https:\/\/rotarymazatenango.org\/en\/wp-json\/wp\/v2\/media?parent=7627"}],"curies":[{"name":"wp","href":"https:\/\/api.w.org\/{rel}","templated":true}]}}